{"id":1372,"date":"2026-02-24T10:00:38","date_gmt":"2026-02-24T10:00:38","guid":{"rendered":"https:\/\/kolohotel.com\/?page_id=1372"},"modified":"2026-02-27T15:20:33","modified_gmt":"2026-02-27T15:20:33","slug":"cgv","status":"publish","type":"page","link":"https:\/\/kolohotel.com\/en\/cgv\/","title":{"rendered":"CGV - KOLO HOTEL"},"content":{"rendered":"<style>.kb-row-layout-id1372_acd8e5-21 > .kt-row-column-wrap{align-content:start;}:where(.kb-row-layout-id1372_acd8e5-21 > .kt-row-column-wrap) > .wp-block-kadence-column{justify-content:start;}.kb-row-layout-id1372_acd8e5-21 > .kt-row-column-wrap{column-gap:var(--global-kb-gap-md, 2rem);row-gap:var(--global-kb-gap-md, 2rem);max-width:var( --global-content-width, 1450px );padding-left:var(--global-content-edge-padding);padding-right:var(--global-content-edge-padding);padding-top:var(--global-kb-spacing-sm, 1.5rem);padding-bottom:var(--global-kb-spacing-sm, 1.5rem);grid-template-columns:minmax(0, 1fr);}.kb-row-layout-id1372_acd8e5-21 > .kt-row-layout-overlay{opacity:0.30;}@media all and (max-width: 1024px){.kb-row-layout-id1372_acd8e5-21 > .kt-row-column-wrap{grid-template-columns:minmax(0, 1fr);}}@media all and (max-width: 767px){.kb-row-layout-id1372_acd8e5-21 > .kt-row-column-wrap{grid-template-columns:minmax(0, 1fr);}}<\/style><div class=\"kb-row-layout-wrap kb-row-layout-id1372_acd8e5-21 alignnone wp-block-kadence-rowlayout\" id=\"conditions\"><div class=\"kt-row-column-wrap kt-has-1-columns kt-row-layout-equal kt-tab-layout-inherit kt-mobile-layout-row kt-row-valign-top kb-theme-content-width\">\n<style>.kadence-column1372_44707a-9c > .kt-inside-inner-col,.kadence-column1372_44707a-9c > .kt-inside-inner-col:before{border-top-left-radius:0px;border-top-right-radius:0px;border-bottom-right-radius:0px;border-bottom-left-radius:0px;}.kadence-column1372_44707a-9c > .kt-inside-inner-col{column-gap:var(--global-kb-gap-sm, 1rem);}.kadence-column1372_44707a-9c > .kt-inside-inner-col{flex-direction:column;}.kadence-column1372_44707a-9c > .kt-inside-inner-col > .aligncenter{width:100%;}.kadence-column1372_44707a-9c > .kt-inside-inner-col:before{opacity:0.3;}.kadence-column1372_44707a-9c{position:relative;}@media all and (max-width: 1024px){.kadence-column1372_44707a-9c > .kt-inside-inner-col{flex-direction:column;justify-content:center;}}@media all and (max-width: 767px){.kadence-column1372_44707a-9c > .kt-inside-inner-col{flex-direction:column;justify-content:center;}}<\/style>\n<div class=\"wp-block-kadence-column kadence-column1372_44707a-9c\"><div class=\"kt-inside-inner-col\">\n<h2 class=\"wp-block-heading\">1. Purpose<\/h2>\n\n\n\n<p>These conditions define the terms and conditions for booking and staying at the KOLO HOTEL.<\/p>\n<\/div><\/div>\n\n<\/div><\/div>\n\n<style>.kb-row-layout-id1372_0c18cc-e8 > .kt-row-column-wrap{align-content:start;}:where(.kb-row-layout-id1372_0c18cc-e8 > .kt-row-column-wrap) > .wp-block-kadence-column{justify-content:start;}.kb-row-layout-id1372_0c18cc-e8 > .kt-row-column-wrap{column-gap:var(--global-kb-gap-md, 2rem);row-gap:var(--global-kb-gap-md, 2rem);max-width:var( --global-content-width, 1450px );padding-left:var(--global-content-edge-padding);padding-right:var(--global-content-edge-padding);padding-top:var(--global-kb-spacing-sm, 1.5rem);padding-bottom:var(--global-kb-spacing-sm, 1.5rem);grid-template-columns:minmax(0, 1fr);}.kb-row-layout-id1372_0c18cc-e8 > .kt-row-layout-overlay{opacity:0.30;}@media all and (max-width: 1024px){.kb-row-layout-id1372_0c18cc-e8 > .kt-row-column-wrap{grid-template-columns:minmax(0, 1fr);}}@media all and (max-width: 767px){.kb-row-layout-id1372_0c18cc-e8 > .kt-row-column-wrap{grid-template-columns:minmax(0, 1fr);}}<\/style><div class=\"kb-row-layout-wrap kb-row-layout-id1372_0c18cc-e8 alignnone wp-block-kadence-rowlayout\" id=\"paiement\"><div class=\"kt-row-column-wrap kt-has-1-columns kt-row-layout-equal kt-tab-layout-inherit kt-mobile-layout-row kt-row-valign-top kb-theme-content-width\">\n<style>.kadence-column1372_ff19ac-6e > .kt-inside-inner-col,.kadence-column1372_ff19ac-6e > .kt-inside-inner-col:before{border-top-left-radius:0px;border-top-right-radius:0px;border-bottom-right-radius:0px;border-bottom-left-radius:0px;}.kadence-column1372_ff19ac-6e > .kt-inside-inner-col{column-gap:var(--global-kb-gap-sm, 1rem);}.kadence-column1372_ff19ac-6e > .kt-inside-inner-col{flex-direction:column;}.kadence-column1372_ff19ac-6e > .kt-inside-inner-col > .aligncenter{width:100%;}.kadence-column1372_ff19ac-6e > .kt-inside-inner-col:before{opacity:0.3;}.kadence-column1372_ff19ac-6e{position:relative;}@media all and (max-width: 1024px){.kadence-column1372_ff19ac-6e > .kt-inside-inner-col{flex-direction:column;justify-content:center;}}@media all and (max-width: 767px){.kadence-column1372_ff19ac-6e > .kt-inside-inner-col{flex-direction:column;justify-content:center;}}<\/style>\n<div class=\"wp-block-kadence-column kadence-column1372_ff19ac-6e\"><div class=\"kt-inside-inner-col\">\n<h2 class=\"wp-block-heading\">2. Reservation<\/h2>\n\n\n\n<p>A reservation is confirmed after validation by the hotel and receipt of a guarantee or payment.<\/p>\n\n\n\n<h2 class=\"wp-block-heading\">3. Rates<\/h2>\n\n\n\n<p>Prices are quoted in FCFA or in the currency displayed at the time of booking.<br>Applicable local taxes may be added.<\/p>\n<\/div><\/div>\n\n<\/div><\/div>\n\n<style>.kb-row-layout-id1372_90e632-74 > .kt-row-column-wrap{align-content:start;}:where(.kb-row-layout-id1372_90e632-74 > .kt-row-column-wrap) > .wp-block-kadence-column{justify-content:start;}.kb-row-layout-id1372_90e632-74 > .kt-row-column-wrap{column-gap:var(--global-kb-gap-md, 2rem);row-gap:var(--global-kb-gap-md, 2rem);max-width:var( --global-content-width, 1450px );padding-left:var(--global-content-edge-padding);padding-right:var(--global-content-edge-padding);padding-top:var(--global-kb-spacing-sm, 1.5rem);padding-bottom:var(--global-kb-spacing-sm, 1.5rem);grid-template-columns:minmax(0, 1fr);}.kb-row-layout-id1372_90e632-74 > .kt-row-layout-overlay{opacity:0.30;}@media all and (max-width: 1024px){.kb-row-layout-id1372_90e632-74 > .kt-row-column-wrap{grid-template-columns:minmax(0, 1fr);}}@media all and (max-width: 767px){.kb-row-layout-id1372_90e632-74 > .kt-row-column-wrap{grid-template-columns:minmax(0, 1fr);}}<\/style><div class=\"kb-row-layout-wrap kb-row-layout-id1372_90e632-74 alignnone wp-block-kadence-rowlayout\" id=\"annulation\"><div class=\"kt-row-column-wrap kt-has-1-columns kt-row-layout-equal kt-tab-layout-inherit kt-mobile-layout-row kt-row-valign-top kb-theme-content-width\">\n<style>.kadence-column1372_e22e79-1a > .kt-inside-inner-col,.kadence-column1372_e22e79-1a > .kt-inside-inner-col:before{border-top-left-radius:0px;border-top-right-radius:0px;border-bottom-right-radius:0px;border-bottom-left-radius:0px;}.kadence-column1372_e22e79-1a > .kt-inside-inner-col{column-gap:var(--global-kb-gap-sm, 1rem);}.kadence-column1372_e22e79-1a > .kt-inside-inner-col{flex-direction:column;}.kadence-column1372_e22e79-1a > .kt-inside-inner-col > .aligncenter{width:100%;}.kadence-column1372_e22e79-1a > .kt-inside-inner-col:before{opacity:0.3;}.kadence-column1372_e22e79-1a{position:relative;}@media all and (max-width: 1024px){.kadence-column1372_e22e79-1a > .kt-inside-inner-col{flex-direction:column;justify-content:center;}}@media all and (max-width: 767px){.kadence-column1372_e22e79-1a > .kt-inside-inner-col{flex-direction:column;justify-content:center;}}<\/style>\n<div class=\"wp-block-kadence-column kadence-column1372_e22e79-1a\"><div class=\"kt-inside-inner-col\">\n<h2 class=\"wp-block-heading\">4. Cancellation<\/h2>\n\n\n\n<p>Cancellation conditions depend on the fare selected at the time of booking.<br>They are specified at the time of confirmation.<\/p>\n\n\n\n<h2 class=\"wp-block-heading\">5. Arrival and departure<\/h2>\n\n\n\n<ul class=\"wp-block-list\">\n<li>Check-in: according to schedule<\/li>\n\n\n\n<li>Check-out: according to hotel schedule<\/li>\n<\/ul>\n\n\n\n<h2 class=\"wp-block-heading\">6. Customer responsibility<\/h2>\n\n\n\n<p>The customer is responsible for any damage caused on the premises.<\/p>\n\n\n\n<h2 class=\"wp-block-heading\">7. Force majeure<\/h2>\n\n\n\n<p>KOLO HOTEL cannot be held responsible for unforeseeable events beyond its control.<\/p>\n\n\n\n<h2 class=\"wp-block-heading\">8. Disputes<\/h2>\n\n\n\n<p>In the event of a dispute, an amicable settlement will be preferred.<br>Failing this, the competent courts will be those of Cameroon.<\/p>\n<\/div><\/div>\n\n<\/div><\/div>\n\n<style>.kb-row-layout-id1372_1ed52d-0f > .kt-row-column-wrap{align-content:start;}:where(.kb-row-layout-id1372_1ed52d-0f > .kt-row-column-wrap) > .wp-block-kadence-column{justify-content:start;}.kb-row-layout-id1372_1ed52d-0f > .kt-row-column-wrap{column-gap:var(--global-kb-gap-md, 2rem);row-gap:var(--global-kb-gap-md, 2rem);padding-top:var(--global-kb-spacing-4xl, 8rem);padding-bottom:var(--global-kb-spacing-4xl, 8rem);grid-template-columns:minmax(0, 1fr);}.kb-row-layout-id1372_1ed52d-0f{background-image:url('https:\/\/kolohotel.com\/wp-content\/uploads\/2026\/02\/ETAGE-3-303-02-1.jpg');background-size:cover;background-position:49% 66%;background-attachment:scroll;background-repeat:no-repeat;}.kb-row-layout-id1372_1ed52d-0f > .kt-row-layout-overlay{opacity:0.30;}@media all and (max-width: 1024px){.kb-row-layout-id1372_1ed52d-0f > .kt-row-column-wrap{grid-template-columns:minmax(0, 1fr);}}@media all and (max-width: 767px){.kb-row-layout-id1372_1ed52d-0f > .kt-row-column-wrap{grid-template-columns:minmax(0, 1fr);}}<\/style><div class=\"kb-row-layout-wrap kb-row-layout-id1372_1ed52d-0f alignfull kt-row-has-bg wp-block-kadence-rowlayout\"><div class=\"kt-row-column-wrap kt-has-1-columns kt-row-layout-equal kt-tab-layout-inherit kt-mobile-layout-row kt-row-valign-top\">\n<style>.kadence-column1372_6c149e-9b > .kt-inside-inner-col,.kadence-column1372_6c149e-9b > .kt-inside-inner-col:before{border-top-left-radius:0px;border-top-right-radius:0px;border-bottom-right-radius:0px;border-bottom-left-radius:0px;}.kadence-column1372_6c149e-9b > .kt-inside-inner-col{column-gap:var(--global-kb-gap-sm, 1rem);}.kadence-column1372_6c149e-9b > .kt-inside-inner-col{flex-direction:column;}.kadence-column1372_6c149e-9b > .kt-inside-inner-col > .aligncenter{width:100%;}.kadence-column1372_6c149e-9b > .kt-inside-inner-col:before{opacity:0.3;}.kadence-column1372_6c149e-9b{position:relative;}@media all and (max-width: 1024px){.kadence-column1372_6c149e-9b > .kt-inside-inner-col{flex-direction:column;justify-content:center;}}@media all and (max-width: 767px){.kadence-column1372_6c149e-9b > .kt-inside-inner-col{flex-direction:column;justify-content:center;}}<\/style>\n<div class=\"wp-block-kadence-column kadence-column1372_6c149e-9b\"><div class=\"kt-inside-inner-col\"><\/div><\/div>\n\n<\/div><\/div>","protected":false},"excerpt":{"rendered":"<p>1. Objet Les pr\u00e9sentes conditions d\u00e9finissent les modalit\u00e9s de r\u00e9servation et de s\u00e9jour au KOLO HOTEL. 2. R\u00e9servation Une r\u00e9servation est confirm\u00e9e apr\u00e8s validation par l\u2019h\u00f4tel et r\u00e9ception d\u2019une garantie ou d\u2019un paiement. 3. Tarifs Les prix sont indiqu\u00e9s en FCFA ou dans la devise affich\u00e9e lors de la r\u00e9servation.Les taxes locales applicables peuvent \u00eatre&#8230;<\/p>","protected":false},"author":5,"featured_media":1090,"parent":0,"menu_order":0,"comment_status":"closed","ping_status":"closed","template":"","meta":{"_acf_changed":false,"_kad_blocks_custom_css":"","_kad_blocks_head_custom_js":"","_kad_blocks_body_custom_js":"","_kad_blocks_footer_custom_js":"","_kad_post_transparent":"","_kad_post_title":"","_kad_post_layout":"narrow","_kad_post_sidebar_id":"","_kad_post_content_style":"","_kad_post_vertical_padding":"","_kad_post_feature":"","_kad_post_feature_position":"","_kad_post_header":false,"_kad_post_footer":false,"_kad_post_classname":"","footnotes":""},"folder":[],"class_list":["post-1372","page","type-page","status-publish","has-post-thumbnail","hentry"],"acf":[],"taxonomy_info":[],"featured_image_src_large":["https:\/\/kolohotel.com\/wp-content\/uploads\/2026\/02\/240712-HOTEL-YAOUNDE-nikki-Image8-1024x584.jpg",1024,584,true],"author_info":{"display_name":"Apollo Studio","author_link":"https:\/\/kolohotel.com\/en\/author\/apollo-studio\/"},"comment_info":0,"_links":{"self":[{"href":"https:\/\/kolohotel.com\/en\/wp-json\/wp\/v2\/pages\/1372","targetHints":{"allow":["GET"]}}],"collection":[{"href":"https:\/\/kolohotel.com\/en\/wp-json\/wp\/v2\/pages"}],"about":[{"href":"https:\/\/kolohotel.com\/en\/wp-json\/wp\/v2\/types\/page"}],"author":[{"embeddable":true,"href":"https:\/\/kolohotel.com\/en\/wp-json\/wp\/v2\/users\/5"}],"replies":[{"embeddable":true,"href":"https:\/\/kolohotel.com\/en\/wp-json\/wp\/v2\/comments?post=1372"}],"version-history":[{"count":9,"href":"https:\/\/kolohotel.com\/en\/wp-json\/wp\/v2\/pages\/1372\/revisions"}],"predecessor-version":[{"id":1478,"href":"https:\/\/kolohotel.com\/en\/wp-json\/wp\/v2\/pages\/1372\/revisions\/1478"}],"wp:featuredmedia":[{"embeddable":true,"href":"https:\/\/kolohotel.com\/en\/wp-json\/wp\/v2\/media\/1090"}],"wp:attachment":[{"href":"https:\/\/kolohotel.com\/en\/wp-json\/wp\/v2\/media?parent=1372"}],"wp:term":[{"taxonomy":"folder","embeddable":true,"href":"https:\/\/kolohotel.com\/en\/wp-json\/wp\/v2\/folder?post=1372"}],"curies":[{"name":"wp","href":"https:\/\/api.w.org\/{rel}","templated":true}]}}