{"id":53,"date":"2024-09-12T08:04:49","date_gmt":"2024-09-12T08:04:49","guid":{"rendered":"https:\/\/kolohotel.com\/?page_id=53"},"modified":"2026-02-27T15:20:38","modified_gmt":"2026-02-27T15:20:38","slug":"legal-notice","status":"publish","type":"page","link":"https:\/\/kolohotel.com\/en\/mentions-legales\/","title":{"rendered":"Legal notice - KOLO HOTEL"},"content":{"rendered":"<style>.kb-row-layout-id53_cbed48-23 > .kt-row-column-wrap{align-content:start;}:where(.kb-row-layout-id53_cbed48-23 > .kt-row-column-wrap) > .wp-block-kadence-column{justify-content:start;}.kb-row-layout-id53_cbed48-23 > .kt-row-column-wrap{column-gap:var(--global-kb-gap-md, 2rem);row-gap:var(--global-kb-gap-md, 2rem);max-width:var( --global-content-width, 1450px );padding-left:var(--global-content-edge-padding);padding-right:var(--global-content-edge-padding);padding-top:var(--global-kb-spacing-lg, 3rem);padding-bottom:var(--global-kb-spacing-xxl, 5rem);grid-template-columns:minmax(0, 1fr);}.kb-row-layout-id53_cbed48-23 > .kt-row-layout-overlay{opacity:0.30;}@media all and (max-width: 1024px){.kb-row-layout-id53_cbed48-23 > .kt-row-column-wrap{grid-template-columns:minmax(0, 1fr);}}@media all and (max-width: 767px){.kb-row-layout-id53_cbed48-23 > .kt-row-column-wrap{grid-template-columns:minmax(0, 1fr);}}<\/style><div class=\"kb-row-layout-wrap kb-row-layout-id53_cbed48-23 alignnone wp-block-kadence-rowlayout\"><div class=\"kt-row-column-wrap kt-has-1-columns kt-row-layout-equal kt-tab-layout-inherit kt-mobile-layout-row kt-row-valign-top kb-theme-content-width\">\n<style>.kadence-column53_c45104-a7 > .kt-inside-inner-col,.kadence-column53_c45104-a7 > .kt-inside-inner-col:before{border-top-left-radius:0px;border-top-right-radius:0px;border-bottom-right-radius:0px;border-bottom-left-radius:0px;}.kadence-column53_c45104-a7 > .kt-inside-inner-col{column-gap:var(--global-kb-gap-sm, 1rem);}.kadence-column53_c45104-a7 > .kt-inside-inner-col{flex-direction:column;}.kadence-column53_c45104-a7 > .kt-inside-inner-col > .aligncenter{width:100%;}.kadence-column53_c45104-a7 > .kt-inside-inner-col:before{opacity:0.3;}.kadence-column53_c45104-a7{position:relative;}@media all and (max-width: 1024px){.kadence-column53_c45104-a7 > .kt-inside-inner-col{flex-direction:column;justify-content:center;}}@media all and (max-width: 767px){.kadence-column53_c45104-a7 > .kt-inside-inner-col{flex-direction:column;justify-content:center;}}<\/style>\n<div class=\"wp-block-kadence-column kadence-column53_c45104-a7\"><div class=\"kt-inside-inner-col\">\n<h2 class=\"wp-block-heading\">1. Site editor<\/h2>\n\n\n\n<p>This site is published by :<\/p>\n\n\n\n<p><strong>KOLO HOTEL<\/strong><br>Address: Yaound\u00e9, Cameroon<br>Telephone: +237 688 41 98 58<br>Email : <a>contact@kolohotel.com<\/a><\/p>\n\n\n\n<p><strong>Publication manager: Bernadette Leli\u00e8vre<\/strong><\/p>\n\n\n\n<p><em>(Add company name, RCCM or NIU if the hotel is operated by a company)<\/em><\/p>\n\n\n\n<h2 class=\"wp-block-heading\">2. Site hosting<\/h2>\n\n\n\n<p>The site is hosted by :<\/p>\n\n\n\n<p><strong>Hostinger<\/strong><br>Server : 62.72.17.18<br>Website : <a href=\"https:\/\/www.hostinger.com\" target=\"_blank\" rel=\"noopener\">https:\/\/www.hostinger.com<\/a><\/p>\n\n\n\n<h2 class=\"wp-block-heading\">3. Intellectual property<\/h2>\n\n\n\n<p>The entire site (text, images, logo, graphics, structure) is the exclusive property of KOLO HOTEL, unless otherwise stated.<\/p>\n\n\n\n<p>Reproduction, modification or distribution without prior written authorization is prohibited.<\/p>\n\n\n\n<h2 class=\"wp-block-heading\">4. Liability<\/h2>\n\n\n\n<p>KOLO HOTEL strives to provide reliable and up-to-date information.<br>However, the establishment cannot be held responsible for any errors, omissions or unavailability of the site.<\/p>\n<\/div><\/div>\n\n<\/div><\/div>\n\n<style>.kb-row-layout-id53_d9833f-d0 > .kt-row-column-wrap{align-content:start;}:where(.kb-row-layout-id53_d9833f-d0 > .kt-row-column-wrap) > .wp-block-kadence-column{justify-content:start;}.kb-row-layout-id53_d9833f-d0 > .kt-row-column-wrap{column-gap:var(--global-kb-gap-md, 2rem);row-gap:var(--global-kb-gap-md, 2rem);padding-top:var(--global-kb-spacing-4xl, 8rem);padding-bottom:var(--global-kb-spacing-4xl, 8rem);grid-template-columns:minmax(0, 1fr);}.kb-row-layout-id53_d9833f-d0{background-image:url('https:\/\/kolohotel.com\/wp-content\/uploads\/2026\/02\/ETAGE-3-303-02-1.jpg');background-size:cover;background-position:49% 66%;background-attachment:scroll;background-repeat:no-repeat;}.kb-row-layout-id53_d9833f-d0 > .kt-row-layout-overlay{opacity:0.30;}@media all and (max-width: 1024px){.kb-row-layout-id53_d9833f-d0 > .kt-row-column-wrap{grid-template-columns:minmax(0, 1fr);}}@media all and (max-width: 767px){.kb-row-layout-id53_d9833f-d0 > .kt-row-column-wrap{grid-template-columns:minmax(0, 1fr);}}<\/style><div class=\"kb-row-layout-wrap kb-row-layout-id53_d9833f-d0 alignfull kt-row-has-bg wp-block-kadence-rowlayout\"><div class=\"kt-row-column-wrap kt-has-1-columns kt-row-layout-equal kt-tab-layout-inherit kt-mobile-layout-row kt-row-valign-top\">\n<style>.kadence-column53_70023a-7e > .kt-inside-inner-col,.kadence-column53_70023a-7e > .kt-inside-inner-col:before{border-top-left-radius:0px;border-top-right-radius:0px;border-bottom-right-radius:0px;border-bottom-left-radius:0px;}.kadence-column53_70023a-7e > .kt-inside-inner-col{column-gap:var(--global-kb-gap-sm, 1rem);}.kadence-column53_70023a-7e > .kt-inside-inner-col{flex-direction:column;}.kadence-column53_70023a-7e > .kt-inside-inner-col > .aligncenter{width:100%;}.kadence-column53_70023a-7e > .kt-inside-inner-col:before{opacity:0.3;}.kadence-column53_70023a-7e{position:relative;}@media all and (max-width: 1024px){.kadence-column53_70023a-7e > .kt-inside-inner-col{flex-direction:column;justify-content:center;}}@media all and (max-width: 767px){.kadence-column53_70023a-7e > .kt-inside-inner-col{flex-direction:column;justify-content:center;}}<\/style>\n<div class=\"wp-block-kadence-column kadence-column53_70023a-7e\"><div class=\"kt-inside-inner-col\"><\/div><\/div>\n\n<\/div><\/div>","protected":false},"excerpt":{"rendered":"<p>1. \u00c9diteur du site Le pr\u00e9sent site est \u00e9dit\u00e9 par : KOLO HOTELAdresse : Yaound\u00e9, CamerounT\u00e9l\u00e9phone : +237 688 41 98 58Email : contact@kolohotel.com Directeur de la publication : Bernadette Leli\u00e8vre (Ajouter la raison sociale, RCCM ou NIU si l\u2019h\u00f4tel est exploit\u00e9 par une soci\u00e9t\u00e9) 2. H\u00e9bergement du site Le site est h\u00e9berg\u00e9 par :&#8230;<\/p>","protected":false},"author":5,"featured_media":1090,"parent":0,"menu_order":0,"comment_status":"closed","ping_status":"closed","template":"","meta":{"_acf_changed":false,"_kad_blocks_custom_css":"","_kad_blocks_head_custom_js":"","_kad_blocks_body_custom_js":"","_kad_blocks_footer_custom_js":"","_kad_post_transparent":"","_kad_post_title":"show","_kad_post_layout":"narrow","_kad_post_sidebar_id":"","_kad_post_content_style":"","_kad_post_vertical_padding":"","_kad_post_feature":"","_kad_post_feature_position":"","_kad_post_header":false,"_kad_post_footer":false,"_kad_post_classname":"","footnotes":""},"folder":[],"class_list":["post-53","page","type-page","status-publish","has-post-thumbnail","hentry"],"acf":[],"taxonomy_info":[],"featured_image_src_large":["https:\/\/kolohotel.com\/wp-content\/uploads\/2026\/02\/240712-HOTEL-YAOUNDE-nikki-Image8-1024x584.jpg",1024,584,true],"author_info":{"display_name":"Apollo Studio","author_link":"https:\/\/kolohotel.com\/en\/author\/apollo-studio\/"},"comment_info":0,"_links":{"self":[{"href":"https:\/\/kolohotel.com\/en\/wp-json\/wp\/v2\/pages\/53","targetHints":{"allow":["GET"]}}],"collection":[{"href":"https:\/\/kolohotel.com\/en\/wp-json\/wp\/v2\/pages"}],"about":[{"href":"https:\/\/kolohotel.com\/en\/wp-json\/wp\/v2\/types\/page"}],"author":[{"embeddable":true,"href":"https:\/\/kolohotel.com\/en\/wp-json\/wp\/v2\/users\/5"}],"replies":[{"embeddable":true,"href":"https:\/\/kolohotel.com\/en\/wp-json\/wp\/v2\/comments?post=53"}],"version-history":[{"count":13,"href":"https:\/\/kolohotel.com\/en\/wp-json\/wp\/v2\/pages\/53\/revisions"}],"predecessor-version":[{"id":1477,"href":"https:\/\/kolohotel.com\/en\/wp-json\/wp\/v2\/pages\/53\/revisions\/1477"}],"wp:featuredmedia":[{"embeddable":true,"href":"https:\/\/kolohotel.com\/en\/wp-json\/wp\/v2\/media\/1090"}],"wp:attachment":[{"href":"https:\/\/kolohotel.com\/en\/wp-json\/wp\/v2\/media?parent=53"}],"wp:term":[{"taxonomy":"folder","embeddable":true,"href":"https:\/\/kolohotel.com\/en\/wp-json\/wp\/v2\/folder?post=53"}],"curies":[{"name":"wp","href":"https:\/\/api.w.org\/{rel}","templated":true}]}}